{"id":10791,"date":"2023-01-23T09:08:55","date_gmt":"2023-01-23T09:08:55","guid":{"rendered":"https:\/\/spena-bbq-new.si\/?page_id=10791"},"modified":"2023-02-10T08:32:38","modified_gmt":"2023-02-10T08:32:38","slug":"varna-voznja","status":"publish","type":"page","link":"https:\/\/www.adria-car.com\/sl\/varna-voznja\/","title":{"rendered":"Varna vo\u017enja"},"content":{"rendered":"<div class=\"fusion-fullwidth fullwidth-box fusion-builder-row-1 fusion-flex-container has-pattern-background has-mask-background nonhundred-percent-fullwidth non-hundred-percent-height-scrolling\" style=\"--awb-border-radius-top-left:0px;--awb-border-radius-top-right:0px;--awb-border-radius-bottom-right:0px;--awb-border-radius-bottom-left:0px;--awb-margin-bottom:60px;--awb-flex-wrap:wrap;\" ><div class=\"fusion-builder-row fusion-row fusion-flex-align-items-flex-start fusion-flex-content-wrap\" style=\"max-width:1393.6px;margin-left: calc(-4% \/ 2 );margin-right: calc(-4% \/ 2 );\"><div class=\"fusion-layout-column fusion_builder_column fusion-builder-column-0 fusion_builder_column_1_1 1_1 fusion-flex-column\" style=\"--awb-bg-size:cover;--awb-width-large:100%;--awb-margin-top-large:0px;--awb-spacing-right-large:1.92%;--awb-margin-bottom-large:20px;--awb-spacing-left-large:1.92%;--awb-width-medium:100%;--awb-order-medium:0;--awb-spacing-right-medium:1.92%;--awb-spacing-left-medium:1.92%;--awb-width-small:100%;--awb-order-small:0;--awb-spacing-right-small:1.92%;--awb-spacing-left-small:1.92%;\"><div class=\"fusion-column-wrapper fusion-column-has-shadow fusion-flex-justify-content-flex-start fusion-content-layout-column\"><div class=\"fusion-text fusion-text-1\"><p>Podjetje Adria car vam podaja nekaj pomembnih informacij o varni vo\u017enji v Sloveniji. Skrbimo za va\u0161o varnost na cesti in \u017eelimo, da je va\u0161a vo\u017enja \u010dim bolj udobna. Na\u0161a vozila so prilagojena in opremljena, da zadovoljijo \u0161e tako zahtevne stranke. Odpravite se na pot udobno in u\u017eivajte v vo\u017enji.<\/p>\n<h4>Omejitve hitrosti<\/h4>\n<ul>\n<li>v naselju: 50 km\/h<\/li>\n<li>izven naselja: 90 km\/h<\/li>\n<li>hitra cesta: 100 km\/h<\/li>\n<li>avtocesta: 130 km\/h<\/li>\n<\/ul>\n<p>V naseljenih krajih pa priporo\u010damo posebno previdnost, saj so v dolo\u010denih obmo\u010djih v mestih obmo\u010dja umirjenega prometa z omejitvijo hitrosti 30 km\/h.<\/p>\n<p>Na posameznih avtocestnih odsekih so postavljene radarske kamere. Svetujemo, da upo\u0161tevate vso prometno signalizacijo.<\/p>\n<h4>Alkohol in vo\u017enja<\/h4>\n<p>Svetujemo vam, da nikoli ne vozite pod vplivom alkohola. V Sloveniji so stroge kazni v primeru alkoholiziranosti: Po potrebi upo\u0161tevajte dovoljeno koli\u010dino alkohola v krvi:<\/p>\n<ul>\n<li>0,0 \u2030 za poklicne voznike, za voznike do starosti 21 let in za voznike, ki imajo vozni\u0161ko dovoljenje manj kot 2 leti.<\/li>\n<li>Za vse ostale je omejitev 0,5 \u2030 oz. 0,5 grama na liter telesne te\u017ee (0,24 mg v litru izdihanega zraka).<\/li>\n<\/ul>\n<h4>Ostali napotki za varno vo\u017enjo:<\/h4>\n<ul>\n<li>Obvezna uporaba varnostnih pasov na vseh sede\u017eih, ki so opremljeni s pasovi.<\/li>\n<li>Uporaba zasen\u010denih \u017earometov podnevi.<\/li>\n<li>Prepovedana uporaba mobilnih telefonov med vo\u017enjo, razen pri uporabi prostoro\u010dnih naprav.<\/li>\n<\/ul>\n<p>V primeru \u0161kode, okvare ali nesre\u010de vas prosimo, da obvestite na\u0161o poslovalnico. V vseh nujnih primerih pokli\u010dite policijo na telefonsko \u0161tevilko 113 oz. re\u0161evalno slu\u017ebo in gasilce na \u0161tevilko 112.<\/p>\n<p>Za vse nadaljnje potovalne informacije lahko pokli\u010dete Prometno-informacijski center za dr\u017eavne ceste v Republiki Sloveniji na telefonsko \u0161tevilko 1970.<\/p>\n<\/div><\/div><\/div><\/div><\/div>\n","protected":false},"excerpt":{"rendered":"","protected":false},"author":1,"featured_media":11311,"parent":0,"menu_order":0,"comment_status":"closed","ping_status":"open","template":"","meta":{"_acf_changed":false,"footnotes":""},"class_list":["post-10791","page","type-page","status-publish","has-post-thumbnail","hentry"],"acf":[],"yoast_head":"<!-- This site is optimized with the Yoast SEO plugin v27.3 - https:\/\/yoast.com\/product\/yoast-seo-wordpress\/ -->\n<title>Varna vo\u017enja po Sloveniji - ADRIACAR<\/title>\n<meta name=\"description\" content=\"\u017delimo vam podati nekaj informacij o varni vo\u017enji v Sloveniji. Skrbimo za va\u0161o varnost na cesti in \u017eelimo, da je va\u0161a vo\u017enja \u010dim bolj udobna.\" \/>\n<meta name=\"robots\" content=\"index, follow, max-snippet:-1, max-image-preview:large, max-video-preview:-1\" \/>\n<link rel=\"canonical\" href=\"https:\/\/www.adria-car.com\/sl\/varna-voznja\/\" \/>\n<meta property=\"og:locale\" content=\"sl_SI\" \/>\n<meta property=\"og:type\" content=\"article\" \/>\n<meta property=\"og:title\" content=\"Varna vo\u017enja po Sloveniji - ADRIACAR\" \/>\n<meta property=\"og:description\" content=\"\u017delimo vam podati nekaj informacij o varni vo\u017enji v Sloveniji. Skrbimo za va\u0161o varnost na cesti in \u017eelimo, da je va\u0161a vo\u017enja \u010dim bolj udobna.\" \/>\n<meta property=\"og:url\" content=\"https:\/\/www.adria-car.com\/sl\/varna-voznja\/\" \/>\n<meta property=\"og:site_name\" content=\"ADRIACAR\" \/>\n<meta property=\"article:publisher\" content=\"https:\/\/www.facebook.com\/Adriacar.rentacar\" \/>\n<meta property=\"article:modified_time\" content=\"2023-02-10T08:32:38+00:00\" \/>\n<meta property=\"og:image\" content=\"https:\/\/www.adria-car.com\/wp-content\/uploads\/2023\/02\/adria-car-vstopna-avto.jpg\" \/>\n\t<meta property=\"og:image:width\" content=\"1920\" \/>\n\t<meta property=\"og:image:height\" content=\"600\" \/>\n\t<meta property=\"og:image:type\" content=\"image\/jpeg\" \/>\n<meta name=\"twitter:card\" content=\"summary_large_image\" \/>\n<meta name=\"twitter:label1\" content=\"Est. reading time\" \/>\n\t<meta name=\"twitter:data1\" content=\"3 minute\" \/>\n<script type=\"application\/ld+json\" class=\"yoast-schema-graph\">{\"@context\":\"https:\\\/\\\/schema.org\",\"@graph\":[{\"@type\":\"WebPage\",\"@id\":\"https:\\\/\\\/www.adria-car.com\\\/sl\\\/varna-voznja\\\/\",\"url\":\"https:\\\/\\\/www.adria-car.com\\\/sl\\\/varna-voznja\\\/\",\"name\":\"Varna vo\u017enja po Sloveniji - ADRIACAR\",\"isPartOf\":{\"@id\":\"https:\\\/\\\/www.adria-car.com\\\/sl\\\/#website\"},\"primaryImageOfPage\":{\"@id\":\"https:\\\/\\\/www.adria-car.com\\\/sl\\\/varna-voznja\\\/#primaryimage\"},\"image\":{\"@id\":\"https:\\\/\\\/www.adria-car.com\\\/sl\\\/varna-voznja\\\/#primaryimage\"},\"thumbnailUrl\":\"https:\\\/\\\/www.adria-car.com\\\/wp-content\\\/uploads\\\/2023\\\/02\\\/adria-car-vstopna-avto.jpg\",\"datePublished\":\"2023-01-23T09:08:55+00:00\",\"dateModified\":\"2023-02-10T08:32:38+00:00\",\"description\":\"\u017delimo vam podati nekaj informacij o varni vo\u017enji v Sloveniji. Skrbimo za va\u0161o varnost na cesti in \u017eelimo, da je va\u0161a vo\u017enja \u010dim bolj udobna.\",\"breadcrumb\":{\"@id\":\"https:\\\/\\\/www.adria-car.com\\\/sl\\\/varna-voznja\\\/#breadcrumb\"},\"inLanguage\":\"sl-SI\",\"potentialAction\":[{\"@type\":\"ReadAction\",\"target\":[\"https:\\\/\\\/www.adria-car.com\\\/sl\\\/varna-voznja\\\/\"]}]},{\"@type\":\"ImageObject\",\"inLanguage\":\"sl-SI\",\"@id\":\"https:\\\/\\\/www.adria-car.com\\\/sl\\\/varna-voznja\\\/#primaryimage\",\"url\":\"https:\\\/\\\/www.adria-car.com\\\/wp-content\\\/uploads\\\/2023\\\/02\\\/adria-car-vstopna-avto.jpg\",\"contentUrl\":\"https:\\\/\\\/www.adria-car.com\\\/wp-content\\\/uploads\\\/2023\\\/02\\\/adria-car-vstopna-avto.jpg\",\"width\":1920,\"height\":600},{\"@type\":\"BreadcrumbList\",\"@id\":\"https:\\\/\\\/www.adria-car.com\\\/sl\\\/varna-voznja\\\/#breadcrumb\",\"itemListElement\":[{\"@type\":\"ListItem\",\"position\":1,\"name\":\"Home\",\"item\":\"https:\\\/\\\/www.adria-car.com\\\/sl\\\/\"},{\"@type\":\"ListItem\",\"position\":2,\"name\":\"Varna vo\u017enja\"}]},{\"@type\":\"WebSite\",\"@id\":\"https:\\\/\\\/www.adria-car.com\\\/sl\\\/#website\",\"url\":\"https:\\\/\\\/www.adria-car.com\\\/sl\\\/\",\"name\":\"Adria Car\",\"description\":\"Car rental\",\"publisher\":{\"@id\":\"https:\\\/\\\/www.adria-car.com\\\/sl\\\/#organization\"},\"alternateName\":\"Adria rent a car\",\"potentialAction\":[{\"@type\":\"SearchAction\",\"target\":{\"@type\":\"EntryPoint\",\"urlTemplate\":\"https:\\\/\\\/www.adria-car.com\\\/sl\\\/?s={search_term_string}\"},\"query-input\":{\"@type\":\"PropertyValueSpecification\",\"valueRequired\":true,\"valueName\":\"search_term_string\"}}],\"inLanguage\":\"sl-SI\"},{\"@type\":\"Organization\",\"@id\":\"https:\\\/\\\/www.adria-car.com\\\/sl\\\/#organization\",\"name\":\"Adria Car\",\"url\":\"https:\\\/\\\/www.adria-car.com\\\/sl\\\/\",\"logo\":{\"@type\":\"ImageObject\",\"inLanguage\":\"sl-SI\",\"@id\":\"https:\\\/\\\/www.adria-car.com\\\/sl\\\/#\\\/schema\\\/logo\\\/image\\\/\",\"url\":\"https:\\\/\\\/www.adria-car.com\\\/wp-content\\\/uploads\\\/2023\\\/02\\\/300382635_541919381064177_87166554423608554_n.jpg\",\"contentUrl\":\"https:\\\/\\\/www.adria-car.com\\\/wp-content\\\/uploads\\\/2023\\\/02\\\/300382635_541919381064177_87166554423608554_n.jpg\",\"width\":1743,\"height\":725,\"caption\":\"Adria Car\"},\"image\":{\"@id\":\"https:\\\/\\\/www.adria-car.com\\\/sl\\\/#\\\/schema\\\/logo\\\/image\\\/\"},\"sameAs\":[\"https:\\\/\\\/www.facebook.com\\\/Adriacar.rentacar\"]}]}<\/script>\n<!-- \/ Yoast SEO plugin. -->","yoast_head_json":{"title":"Varna vo\u017enja po Sloveniji - ADRIACAR","description":"\u017delimo vam podati nekaj informacij o varni vo\u017enji v Sloveniji. Skrbimo za va\u0161o varnost na cesti in \u017eelimo, da je va\u0161a vo\u017enja \u010dim bolj udobna.","robots":{"index":"index","follow":"follow","max-snippet":"max-snippet:-1","max-image-preview":"max-image-preview:large","max-video-preview":"max-video-preview:-1"},"canonical":"https:\/\/www.adria-car.com\/sl\/varna-voznja\/","og_locale":"sl_SI","og_type":"article","og_title":"Varna vo\u017enja po Sloveniji - ADRIACAR","og_description":"\u017delimo vam podati nekaj informacij o varni vo\u017enji v Sloveniji. Skrbimo za va\u0161o varnost na cesti in \u017eelimo, da je va\u0161a vo\u017enja \u010dim bolj udobna.","og_url":"https:\/\/www.adria-car.com\/sl\/varna-voznja\/","og_site_name":"ADRIACAR","article_publisher":"https:\/\/www.facebook.com\/Adriacar.rentacar","article_modified_time":"2023-02-10T08:32:38+00:00","og_image":[{"width":1920,"height":600,"url":"https:\/\/www.adria-car.com\/wp-content\/uploads\/2023\/02\/adria-car-vstopna-avto.jpg","type":"image\/jpeg"}],"twitter_card":"summary_large_image","twitter_misc":{"Est. reading time":"3 minute"},"schema":{"@context":"https:\/\/schema.org","@graph":[{"@type":"WebPage","@id":"https:\/\/www.adria-car.com\/sl\/varna-voznja\/","url":"https:\/\/www.adria-car.com\/sl\/varna-voznja\/","name":"Varna vo\u017enja po Sloveniji - ADRIACAR","isPartOf":{"@id":"https:\/\/www.adria-car.com\/sl\/#website"},"primaryImageOfPage":{"@id":"https:\/\/www.adria-car.com\/sl\/varna-voznja\/#primaryimage"},"image":{"@id":"https:\/\/www.adria-car.com\/sl\/varna-voznja\/#primaryimage"},"thumbnailUrl":"https:\/\/www.adria-car.com\/wp-content\/uploads\/2023\/02\/adria-car-vstopna-avto.jpg","datePublished":"2023-01-23T09:08:55+00:00","dateModified":"2023-02-10T08:32:38+00:00","description":"\u017delimo vam podati nekaj informacij o varni vo\u017enji v Sloveniji. Skrbimo za va\u0161o varnost na cesti in \u017eelimo, da je va\u0161a vo\u017enja \u010dim bolj udobna.","breadcrumb":{"@id":"https:\/\/www.adria-car.com\/sl\/varna-voznja\/#breadcrumb"},"inLanguage":"sl-SI","potentialAction":[{"@type":"ReadAction","target":["https:\/\/www.adria-car.com\/sl\/varna-voznja\/"]}]},{"@type":"ImageObject","inLanguage":"sl-SI","@id":"https:\/\/www.adria-car.com\/sl\/varna-voznja\/#primaryimage","url":"https:\/\/www.adria-car.com\/wp-content\/uploads\/2023\/02\/adria-car-vstopna-avto.jpg","contentUrl":"https:\/\/www.adria-car.com\/wp-content\/uploads\/2023\/02\/adria-car-vstopna-avto.jpg","width":1920,"height":600},{"@type":"BreadcrumbList","@id":"https:\/\/www.adria-car.com\/sl\/varna-voznja\/#breadcrumb","itemListElement":[{"@type":"ListItem","position":1,"name":"Home","item":"https:\/\/www.adria-car.com\/sl\/"},{"@type":"ListItem","position":2,"name":"Varna vo\u017enja"}]},{"@type":"WebSite","@id":"https:\/\/www.adria-car.com\/sl\/#website","url":"https:\/\/www.adria-car.com\/sl\/","name":"Adria Car","description":"Car rental","publisher":{"@id":"https:\/\/www.adria-car.com\/sl\/#organization"},"alternateName":"Adria rent a car","potentialAction":[{"@type":"SearchAction","target":{"@type":"EntryPoint","urlTemplate":"https:\/\/www.adria-car.com\/sl\/?s={search_term_string}"},"query-input":{"@type":"PropertyValueSpecification","valueRequired":true,"valueName":"search_term_string"}}],"inLanguage":"sl-SI"},{"@type":"Organization","@id":"https:\/\/www.adria-car.com\/sl\/#organization","name":"Adria Car","url":"https:\/\/www.adria-car.com\/sl\/","logo":{"@type":"ImageObject","inLanguage":"sl-SI","@id":"https:\/\/www.adria-car.com\/sl\/#\/schema\/logo\/image\/","url":"https:\/\/www.adria-car.com\/wp-content\/uploads\/2023\/02\/300382635_541919381064177_87166554423608554_n.jpg","contentUrl":"https:\/\/www.adria-car.com\/wp-content\/uploads\/2023\/02\/300382635_541919381064177_87166554423608554_n.jpg","width":1743,"height":725,"caption":"Adria Car"},"image":{"@id":"https:\/\/www.adria-car.com\/sl\/#\/schema\/logo\/image\/"},"sameAs":["https:\/\/www.facebook.com\/Adriacar.rentacar"]}]}},"_links":{"self":[{"href":"https:\/\/www.adria-car.com\/sl\/wp-json\/wp\/v2\/pages\/10791","targetHints":{"allow":["GET"]}}],"collection":[{"href":"https:\/\/www.adria-car.com\/sl\/wp-json\/wp\/v2\/pages"}],"about":[{"href":"https:\/\/www.adria-car.com\/sl\/wp-json\/wp\/v2\/types\/page"}],"author":[{"embeddable":true,"href":"https:\/\/www.adria-car.com\/sl\/wp-json\/wp\/v2\/users\/1"}],"replies":[{"embeddable":true,"href":"https:\/\/www.adria-car.com\/sl\/wp-json\/wp\/v2\/comments?post=10791"}],"version-history":[{"count":5,"href":"https:\/\/www.adria-car.com\/sl\/wp-json\/wp\/v2\/pages\/10791\/revisions"}],"predecessor-version":[{"id":11310,"href":"https:\/\/www.adria-car.com\/sl\/wp-json\/wp\/v2\/pages\/10791\/revisions\/11310"}],"wp:featuredmedia":[{"embeddable":true,"href":"https:\/\/www.adria-car.com\/sl\/wp-json\/wp\/v2\/media\/11311"}],"wp:attachment":[{"href":"https:\/\/www.adria-car.com\/sl\/wp-json\/wp\/v2\/media?parent=10791"}],"curies":[{"name":"wp","href":"https:\/\/api.w.org\/{rel}","templated":true}]}}