{"id":10795,"date":"2023-01-23T09:06:47","date_gmt":"2023-01-23T09:06:47","guid":{"rendered":"https:\/\/spena-bbq-new.si\/?page_id=10795"},"modified":"2023-02-10T08:29:03","modified_gmt":"2023-02-10T08:29:03","slug":"pogosta-vprasanja","status":"publish","type":"page","link":"https:\/\/www.adria-car.com\/sl\/pogosta-vprasanja\/","title":{"rendered":"Pogosta vpra\u0161anja"},"content":{"rendered":"<div class=\"fusion-fullwidth fullwidth-box fusion-builder-row-1 fusion-flex-container has-pattern-background has-mask-background nonhundred-percent-fullwidth non-hundred-percent-height-scrolling\" style=\"--awb-border-radius-top-left:0px;--awb-border-radius-top-right:0px;--awb-border-radius-bottom-right:0px;--awb-border-radius-bottom-left:0px;--awb-margin-bottom:60px;--awb-flex-wrap:wrap;\" ><div class=\"fusion-builder-row fusion-row fusion-flex-align-items-flex-start fusion-flex-content-wrap\" style=\"max-width:1393.6px;margin-left: calc(-4% \/ 2 );margin-right: calc(-4% \/ 2 );\"><div class=\"fusion-layout-column fusion_builder_column fusion-builder-column-0 fusion_builder_column_1_1 1_1 fusion-flex-column\" style=\"--awb-bg-size:cover;--awb-width-large:100%;--awb-margin-top-large:0px;--awb-spacing-right-large:1.92%;--awb-margin-bottom-large:20px;--awb-spacing-left-large:1.92%;--awb-width-medium:100%;--awb-order-medium:0;--awb-spacing-right-medium:1.92%;--awb-spacing-left-medium:1.92%;--awb-width-small:100%;--awb-order-small:0;--awb-spacing-right-small:1.92%;--awb-spacing-left-small:1.92%;\"><div class=\"fusion-column-wrapper fusion-column-has-shadow fusion-flex-justify-content-flex-start fusion-content-layout-column\"><div class=\"fusion-text fusion-text-1\"><ul>\n<li><strong>KJE PREVZAMEM VOZILO?<\/strong><\/li>\n<\/ul>\n<p>Lokacija prevzema je letali\u0161\u010de Ljubljana ali druga dogovorjena lokacija.<\/p>\n<ul>\n<li><strong>KAK\u0160EN JE VA\u0160 DELOVNI \u010cAS?<\/strong><\/li>\n<\/ul>\n<p>Na\u0161 delovni \u010das je od 8.00 do 22.00. V primeru kasnej\u0161ega prihoda oz. rezervacije, ki ni v tem terminu, vam bo na\u0161e osebje na voljo.<\/p>\n<ul>\n<li><strong>KJE VRNEM VOZILO?<\/strong><\/li>\n<\/ul>\n<p>Vozilo vrnete v na\u0161o poslovalnico, kjer se uredi zaklju\u010dni zapisnik in izvede pregled vozila.<\/p>\n<ul>\n<li><strong>KAJ ZAJEMA ZAVAROVANJE, KI JE VKLJU\u010cENO V NAJEM?<\/strong><\/li>\n<\/ul>\n<p>Zavarovanje zajema obvezno zavarovanje, kasko zavarovanje in zavarovanje proti kraji.<\/p>\n<ul>\n<li><strong>KOLIKO MORAM BIT STAR, DA LAHKO NAJAMEM AVTO?<\/strong><\/li>\n<\/ul>\n<p>Minimalna starost je 21 let.<\/p>\n<ul>\n<li><strong>KDO LAHKO VOZI NAJETI AVTO?<\/strong><\/li>\n<\/ul>\n<p>Avto je lahko v uporabi izklju\u010dno na ime najemojemalca. V primeru, da \u017eelite, da vozilo vozi ve\u010d oseb, je to potrebno urediti ob rezervaciji. Storitev se obra\u010duna skladno z veljavnim cenikom.<\/p>\n<ul>\n<li><strong>ALI LAHKO POTUJEMO V TUJINO?<\/strong><\/li>\n<\/ul>\n<p>Vsa na\u0161a vozila so opremljena s t. i. zeleno karto in zavarovanjem za tujino, iz \u010desar sledi, da lahko potujete po vseh dr\u017eavah \u010dlanicah EU. Za potovanje v tujino je potrebno dola\u010dilo 40 EUR na najem.<\/p>\n<ul>\n<li><strong>ALI BOM VEDEL, KATERO ZNAMKO VOZILA BOM VOZIL?<\/strong><\/li>\n<\/ul>\n<p>Ve\u010dina na\u0161ih vozil je znamke Peugeot.<\/p>\n<ul>\n<li><strong>KATERE DOKUMENTE POTREBUJEM OB PREVZEMU VOZILA?<\/strong><\/li>\n<\/ul>\n<p>Potni list ali osebno izkaznico, veljavno vozni\u0161ko dovoljenje in veljavno kreditno kartico.<\/p>\n<ul>\n<li><strong>ALI JE PRI NAJEMU OBVEZNO PLA\u010cILO FRAN\u0160IZE?<\/strong><\/li>\n<\/ul>\n<p>V primeru, da se odlo\u010dite za polno zavarovanje, ki je obra\u010dunano po ceniku na dan, pla\u010dilo fran\u0161ize ni potrebno.<\/p>\n<ul>\n<li><strong>ALI LAHKO PRED\u010cASNO VRNEM VOZILO OZ. PODALJ\u0160AM NAJEM?<\/strong><\/li>\n<\/ul>\n<p>Vozilo lahko vrnete pred\u010dasno brez dodatnih stro\u0161kov, ob podalj\u0161anju pa vam zara\u010dunamo dodatne dneve skladno s cenikom. Vsako spremembo je potrebno prijaviti najpozneje v roku 2 dni pred nameravano spremembo.<\/p>\n<ul>\n<li><strong>KAKO DOLGO LAHKO TRAJA NAJEM?<\/strong><\/li>\n<\/ul>\n<p>Najem ni \u010dasovno omejen, v primeru dolgoro\u010dnej\u0161ega najema pa je mo\u017ena priprava ugodnej\u0161e ponudbe.<\/p>\n<\/div><\/div><\/div><\/div><\/div>\n","protected":false},"excerpt":{"rendered":"","protected":false},"author":1,"featured_media":11311,"parent":0,"menu_order":0,"comment_status":"closed","ping_status":"open","template":"","meta":{"_acf_changed":false,"footnotes":""},"class_list":["post-10795","page","type-page","status-publish","has-post-thumbnail","hentry"],"acf":[],"yoast_head":"<!-- This site is optimized with the Yoast SEO plugin v27.3 - https:\/\/yoast.com\/product\/yoast-seo-wordpress\/ -->\n<title>Pogosta vpra\u0161anja o najemu avtomobilov - ADRIACAR<\/title>\n<meta name=\"description\" content=\"Pogosta vpra\u0161anja o prevzemu, vra\u010dilu, zavarovanju, vozniku, dokumentih, na\u010dinih pla\u010dila, najemu, tipu vozil,...\" \/>\n<meta name=\"robots\" content=\"index, follow, max-snippet:-1, max-image-preview:large, max-video-preview:-1\" \/>\n<link rel=\"canonical\" href=\"https:\/\/www.adria-car.com\/sl\/pogosta-vprasanja\/\" \/>\n<meta property=\"og:locale\" content=\"sl_SI\" \/>\n<meta property=\"og:type\" content=\"article\" \/>\n<meta property=\"og:title\" content=\"Pogosta vpra\u0161anja o najemu avtomobilov - ADRIACAR\" \/>\n<meta property=\"og:description\" content=\"Pogosta vpra\u0161anja o prevzemu, vra\u010dilu, zavarovanju, vozniku, dokumentih, na\u010dinih pla\u010dila, najemu, tipu vozil,...\" \/>\n<meta property=\"og:url\" content=\"https:\/\/www.adria-car.com\/sl\/pogosta-vprasanja\/\" \/>\n<meta property=\"og:site_name\" content=\"ADRIACAR\" \/>\n<meta property=\"article:publisher\" content=\"https:\/\/www.facebook.com\/Adriacar.rentacar\" \/>\n<meta property=\"article:modified_time\" content=\"2023-02-10T08:29:03+00:00\" \/>\n<meta property=\"og:image\" content=\"https:\/\/www.adria-car.com\/wp-content\/uploads\/2023\/02\/adria-car-vstopna-avto.jpg\" \/>\n\t<meta property=\"og:image:width\" content=\"1920\" \/>\n\t<meta property=\"og:image:height\" content=\"600\" \/>\n\t<meta property=\"og:image:type\" content=\"image\/jpeg\" \/>\n<meta name=\"twitter:card\" content=\"summary_large_image\" \/>\n<meta name=\"twitter:label1\" content=\"Est. reading time\" \/>\n\t<meta name=\"twitter:data1\" content=\"3 minute\" \/>\n<script type=\"application\/ld+json\" class=\"yoast-schema-graph\">{\"@context\":\"https:\\\/\\\/schema.org\",\"@graph\":[{\"@type\":\"WebPage\",\"@id\":\"https:\\\/\\\/www.adria-car.com\\\/sl\\\/pogosta-vprasanja\\\/\",\"url\":\"https:\\\/\\\/www.adria-car.com\\\/sl\\\/pogosta-vprasanja\\\/\",\"name\":\"Pogosta vpra\u0161anja o najemu avtomobilov - ADRIACAR\",\"isPartOf\":{\"@id\":\"https:\\\/\\\/www.adria-car.com\\\/sl\\\/#website\"},\"primaryImageOfPage\":{\"@id\":\"https:\\\/\\\/www.adria-car.com\\\/sl\\\/pogosta-vprasanja\\\/#primaryimage\"},\"image\":{\"@id\":\"https:\\\/\\\/www.adria-car.com\\\/sl\\\/pogosta-vprasanja\\\/#primaryimage\"},\"thumbnailUrl\":\"https:\\\/\\\/www.adria-car.com\\\/wp-content\\\/uploads\\\/2023\\\/02\\\/adria-car-vstopna-avto.jpg\",\"datePublished\":\"2023-01-23T09:06:47+00:00\",\"dateModified\":\"2023-02-10T08:29:03+00:00\",\"description\":\"Pogosta vpra\u0161anja o prevzemu, vra\u010dilu, zavarovanju, vozniku, dokumentih, na\u010dinih pla\u010dila, najemu, tipu vozil,...\",\"breadcrumb\":{\"@id\":\"https:\\\/\\\/www.adria-car.com\\\/sl\\\/pogosta-vprasanja\\\/#breadcrumb\"},\"inLanguage\":\"sl-SI\",\"potentialAction\":[{\"@type\":\"ReadAction\",\"target\":[\"https:\\\/\\\/www.adria-car.com\\\/sl\\\/pogosta-vprasanja\\\/\"]}]},{\"@type\":\"ImageObject\",\"inLanguage\":\"sl-SI\",\"@id\":\"https:\\\/\\\/www.adria-car.com\\\/sl\\\/pogosta-vprasanja\\\/#primaryimage\",\"url\":\"https:\\\/\\\/www.adria-car.com\\\/wp-content\\\/uploads\\\/2023\\\/02\\\/adria-car-vstopna-avto.jpg\",\"contentUrl\":\"https:\\\/\\\/www.adria-car.com\\\/wp-content\\\/uploads\\\/2023\\\/02\\\/adria-car-vstopna-avto.jpg\",\"width\":1920,\"height\":600},{\"@type\":\"BreadcrumbList\",\"@id\":\"https:\\\/\\\/www.adria-car.com\\\/sl\\\/pogosta-vprasanja\\\/#breadcrumb\",\"itemListElement\":[{\"@type\":\"ListItem\",\"position\":1,\"name\":\"Home\",\"item\":\"https:\\\/\\\/www.adria-car.com\\\/sl\\\/\"},{\"@type\":\"ListItem\",\"position\":2,\"name\":\"Pogosta vpra\u0161anja\"}]},{\"@type\":\"WebSite\",\"@id\":\"https:\\\/\\\/www.adria-car.com\\\/sl\\\/#website\",\"url\":\"https:\\\/\\\/www.adria-car.com\\\/sl\\\/\",\"name\":\"Adria Car\",\"description\":\"Car rental\",\"publisher\":{\"@id\":\"https:\\\/\\\/www.adria-car.com\\\/sl\\\/#organization\"},\"alternateName\":\"Adria rent a car\",\"potentialAction\":[{\"@type\":\"SearchAction\",\"target\":{\"@type\":\"EntryPoint\",\"urlTemplate\":\"https:\\\/\\\/www.adria-car.com\\\/sl\\\/?s={search_term_string}\"},\"query-input\":{\"@type\":\"PropertyValueSpecification\",\"valueRequired\":true,\"valueName\":\"search_term_string\"}}],\"inLanguage\":\"sl-SI\"},{\"@type\":\"Organization\",\"@id\":\"https:\\\/\\\/www.adria-car.com\\\/sl\\\/#organization\",\"name\":\"Adria Car\",\"url\":\"https:\\\/\\\/www.adria-car.com\\\/sl\\\/\",\"logo\":{\"@type\":\"ImageObject\",\"inLanguage\":\"sl-SI\",\"@id\":\"https:\\\/\\\/www.adria-car.com\\\/sl\\\/#\\\/schema\\\/logo\\\/image\\\/\",\"url\":\"https:\\\/\\\/www.adria-car.com\\\/wp-content\\\/uploads\\\/2023\\\/02\\\/300382635_541919381064177_87166554423608554_n.jpg\",\"contentUrl\":\"https:\\\/\\\/www.adria-car.com\\\/wp-content\\\/uploads\\\/2023\\\/02\\\/300382635_541919381064177_87166554423608554_n.jpg\",\"width\":1743,\"height\":725,\"caption\":\"Adria Car\"},\"image\":{\"@id\":\"https:\\\/\\\/www.adria-car.com\\\/sl\\\/#\\\/schema\\\/logo\\\/image\\\/\"},\"sameAs\":[\"https:\\\/\\\/www.facebook.com\\\/Adriacar.rentacar\"]}]}<\/script>\n<!-- \/ Yoast SEO plugin. -->","yoast_head_json":{"title":"Pogosta vpra\u0161anja o najemu avtomobilov - ADRIACAR","description":"Pogosta vpra\u0161anja o prevzemu, vra\u010dilu, zavarovanju, vozniku, dokumentih, na\u010dinih pla\u010dila, najemu, tipu vozil,...","robots":{"index":"index","follow":"follow","max-snippet":"max-snippet:-1","max-image-preview":"max-image-preview:large","max-video-preview":"max-video-preview:-1"},"canonical":"https:\/\/www.adria-car.com\/sl\/pogosta-vprasanja\/","og_locale":"sl_SI","og_type":"article","og_title":"Pogosta vpra\u0161anja o najemu avtomobilov - ADRIACAR","og_description":"Pogosta vpra\u0161anja o prevzemu, vra\u010dilu, zavarovanju, vozniku, dokumentih, na\u010dinih pla\u010dila, najemu, tipu vozil,...","og_url":"https:\/\/www.adria-car.com\/sl\/pogosta-vprasanja\/","og_site_name":"ADRIACAR","article_publisher":"https:\/\/www.facebook.com\/Adriacar.rentacar","article_modified_time":"2023-02-10T08:29:03+00:00","og_image":[{"width":1920,"height":600,"url":"https:\/\/www.adria-car.com\/wp-content\/uploads\/2023\/02\/adria-car-vstopna-avto.jpg","type":"image\/jpeg"}],"twitter_card":"summary_large_image","twitter_misc":{"Est. reading time":"3 minute"},"schema":{"@context":"https:\/\/schema.org","@graph":[{"@type":"WebPage","@id":"https:\/\/www.adria-car.com\/sl\/pogosta-vprasanja\/","url":"https:\/\/www.adria-car.com\/sl\/pogosta-vprasanja\/","name":"Pogosta vpra\u0161anja o najemu avtomobilov - ADRIACAR","isPartOf":{"@id":"https:\/\/www.adria-car.com\/sl\/#website"},"primaryImageOfPage":{"@id":"https:\/\/www.adria-car.com\/sl\/pogosta-vprasanja\/#primaryimage"},"image":{"@id":"https:\/\/www.adria-car.com\/sl\/pogosta-vprasanja\/#primaryimage"},"thumbnailUrl":"https:\/\/www.adria-car.com\/wp-content\/uploads\/2023\/02\/adria-car-vstopna-avto.jpg","datePublished":"2023-01-23T09:06:47+00:00","dateModified":"2023-02-10T08:29:03+00:00","description":"Pogosta vpra\u0161anja o prevzemu, vra\u010dilu, zavarovanju, vozniku, dokumentih, na\u010dinih pla\u010dila, najemu, tipu vozil,...","breadcrumb":{"@id":"https:\/\/www.adria-car.com\/sl\/pogosta-vprasanja\/#breadcrumb"},"inLanguage":"sl-SI","potentialAction":[{"@type":"ReadAction","target":["https:\/\/www.adria-car.com\/sl\/pogosta-vprasanja\/"]}]},{"@type":"ImageObject","inLanguage":"sl-SI","@id":"https:\/\/www.adria-car.com\/sl\/pogosta-vprasanja\/#primaryimage","url":"https:\/\/www.adria-car.com\/wp-content\/uploads\/2023\/02\/adria-car-vstopna-avto.jpg","contentUrl":"https:\/\/www.adria-car.com\/wp-content\/uploads\/2023\/02\/adria-car-vstopna-avto.jpg","width":1920,"height":600},{"@type":"BreadcrumbList","@id":"https:\/\/www.adria-car.com\/sl\/pogosta-vprasanja\/#breadcrumb","itemListElement":[{"@type":"ListItem","position":1,"name":"Home","item":"https:\/\/www.adria-car.com\/sl\/"},{"@type":"ListItem","position":2,"name":"Pogosta vpra\u0161anja"}]},{"@type":"WebSite","@id":"https:\/\/www.adria-car.com\/sl\/#website","url":"https:\/\/www.adria-car.com\/sl\/","name":"Adria Car","description":"Car rental","publisher":{"@id":"https:\/\/www.adria-car.com\/sl\/#organization"},"alternateName":"Adria rent a car","potentialAction":[{"@type":"SearchAction","target":{"@type":"EntryPoint","urlTemplate":"https:\/\/www.adria-car.com\/sl\/?s={search_term_string}"},"query-input":{"@type":"PropertyValueSpecification","valueRequired":true,"valueName":"search_term_string"}}],"inLanguage":"sl-SI"},{"@type":"Organization","@id":"https:\/\/www.adria-car.com\/sl\/#organization","name":"Adria Car","url":"https:\/\/www.adria-car.com\/sl\/","logo":{"@type":"ImageObject","inLanguage":"sl-SI","@id":"https:\/\/www.adria-car.com\/sl\/#\/schema\/logo\/image\/","url":"https:\/\/www.adria-car.com\/wp-content\/uploads\/2023\/02\/300382635_541919381064177_87166554423608554_n.jpg","contentUrl":"https:\/\/www.adria-car.com\/wp-content\/uploads\/2023\/02\/300382635_541919381064177_87166554423608554_n.jpg","width":1743,"height":725,"caption":"Adria Car"},"image":{"@id":"https:\/\/www.adria-car.com\/sl\/#\/schema\/logo\/image\/"},"sameAs":["https:\/\/www.facebook.com\/Adriacar.rentacar"]}]}},"_links":{"self":[{"href":"https:\/\/www.adria-car.com\/sl\/wp-json\/wp\/v2\/pages\/10795","targetHints":{"allow":["GET"]}}],"collection":[{"href":"https:\/\/www.adria-car.com\/sl\/wp-json\/wp\/v2\/pages"}],"about":[{"href":"https:\/\/www.adria-car.com\/sl\/wp-json\/wp\/v2\/types\/page"}],"author":[{"embeddable":true,"href":"https:\/\/www.adria-car.com\/sl\/wp-json\/wp\/v2\/users\/1"}],"replies":[{"embeddable":true,"href":"https:\/\/www.adria-car.com\/sl\/wp-json\/wp\/v2\/comments?post=10795"}],"version-history":[{"count":5,"href":"https:\/\/www.adria-car.com\/sl\/wp-json\/wp\/v2\/pages\/10795\/revisions"}],"predecessor-version":[{"id":11306,"href":"https:\/\/www.adria-car.com\/sl\/wp-json\/wp\/v2\/pages\/10795\/revisions\/11306"}],"wp:featuredmedia":[{"embeddable":true,"href":"https:\/\/www.adria-car.com\/sl\/wp-json\/wp\/v2\/media\/11311"}],"wp:attachment":[{"href":"https:\/\/www.adria-car.com\/sl\/wp-json\/wp\/v2\/media?parent=10795"}],"curies":[{"name":"wp","href":"https:\/\/api.w.org\/{rel}","templated":true}]}}