{"id":10802,"date":"2022-02-16T17:28:34","date_gmt":"2022-02-16T17:28:34","guid":{"rendered":"https:\/\/spena-bbq-new.si\/?page_id=10802"},"modified":"2023-02-10T08:28:23","modified_gmt":"2023-02-10T08:28:23","slug":"pogoji-najema","status":"publish","type":"page","link":"https:\/\/www.adria-car.com\/sl\/pogoji-najema\/","title":{"rendered":"Pogoji najema"},"content":{"rendered":"<div class=\"fusion-fullwidth fullwidth-box fusion-builder-row-1 fusion-flex-container has-pattern-background has-mask-background nonhundred-percent-fullwidth non-hundred-percent-height-scrolling\" style=\"--awb-border-radius-top-left:0px;--awb-border-radius-top-right:0px;--awb-border-radius-bottom-right:0px;--awb-border-radius-bottom-left:0px;--awb-margin-bottom:60px;--awb-flex-wrap:wrap;\" ><div class=\"fusion-builder-row fusion-row fusion-flex-align-items-flex-start fusion-flex-content-wrap\" style=\"max-width:1393.6px;margin-left: calc(-4% \/ 2 );margin-right: calc(-4% \/ 2 );\"><div class=\"fusion-layout-column fusion_builder_column fusion-builder-column-0 fusion_builder_column_1_1 1_1 fusion-flex-column\" style=\"--awb-bg-size:cover;--awb-width-large:100%;--awb-margin-top-large:0px;--awb-spacing-right-large:1.92%;--awb-margin-bottom-large:20px;--awb-spacing-left-large:1.92%;--awb-width-medium:100%;--awb-order-medium:0;--awb-spacing-right-medium:1.92%;--awb-spacing-left-medium:1.92%;--awb-width-small:100%;--awb-order-small:0;--awb-spacing-right-small:1.92%;--awb-spacing-left-small:1.92%;\"><div class=\"fusion-column-wrapper fusion-column-has-shadow fusion-flex-justify-content-flex-start fusion-content-layout-column\"><div class=\"fusion-text fusion-text-1\"><h4 class=\"vc_custom_heading\">1. SPLO\u0160NA DOLO\u010cILA<\/h4>\n<div class=\"wpb_text_column wpb_content_element \">\n<div class=\"wpb_wrapper\">\n<p>Splo\u0161ni pogoji najema so sestavni del pogodbe o najemu vozila, ki jo skleneta podjetje Adriacar d.o.o. (v nadaljevanju Adria car) in najemnik.<\/p>\n<p>Splo\u0161ni pogoji najema veljajo za vsa poslovna razmerja med podjetjem Adria car in tretjimi osebami. Veljavnost teh splo\u0161nih pogojev stranki potrdita s podpisom najemne pogodbe. S podpisom pa stranki tudi potrdita in izrecno sogla\u0161ata, da sta v celoti seznanjeni z dolo\u010dili splo\u0161nih pogojev in jih kot take v celoti sprejemata.<\/p>\n<\/div>\n<\/div>\n<h4 class=\"vc_custom_heading\">2. DOVOLJENO UPRAVLJANJE VOZILA<\/h4>\n<div class=\"wpb_text_column wpb_content_element \">\n<div class=\"wpb_wrapper\">\n<ol>\n<li>Najeto vozilo smejo voziti:\n<ul>\n<li>Osebe, ki so stare ve\u010d kot 21 let in imajo veljavno vozni\u0161ko dovoljenje najmanj 2 leti,<\/li>\n<li>Osebe, ki so poobla\u0161\u010dene za upravljanje oz. vo\u017enjo z najemno pogodbo.<\/li>\n<\/ul>\n<\/li>\n<li>Upravljanje ali vo\u017enja vozila se ne sme izvajati pod naslednjimi pogoji oz. za naslednje namene:\n<ul>\n<li>Vozilo ne smejo voziti osebe, ki niso navedene in poobla\u0161\u010dene v najemni pogodbi;<\/li>\n<li>Za pla\u010dan prevoz oseb, stvari ali blaga;<\/li>\n<li>Za kakr\u0161no koli \u0161portno, hitrostno in drugo obliko tekmovanj;<\/li>\n<li>Za kakr\u0161no koli vleko vozila ali drugih predmetov;<\/li>\n<li>S strani oseb, ki so pod vplivom alkohola, drog, drugih psihoaktivnih snovi, pomirjeval in zdravil, ki zmanj\u0161ujejo sposobnost upravljanja z vozilom;<\/li>\n<li>V primeru, da vozilo ni tehni\u010dno brezhibno oz. v voznem stanju, voznik oz. najemnik pa za to ve;<\/li>\n<li>V primeru, da je vozilo preobte\u017eeno oz. preobremenjeno;<\/li>\n<li>Izven cest I., II., III. razreda;<\/li>\n<li>V nasprotju s cestnoprometnimi predpisi in drugimi predpisi, ki urejajo podro\u010dje uprabljanja vozil, na \u010digar ozemlju se vozilo nahaja;<\/li>\n<li>Za nadaljnjo oddajo v najem ali uporabo nekomu tretjemu, ki ni naveden v pogodbi o najemu;<\/li>\n<li>V kakr\u0161ne koli druge namene, ki so v nasprotju z zakonom in z nameni, za katere je bila sklenjena najemna pogodba.<\/li>\n<\/ul>\n<\/li>\n<\/ol>\n<\/div>\n<\/div>\n<h4 class=\"vc_custom_heading\">3. DOSTAVA IN PREVZEM NAJETEGA VOZILA<\/h4>\n<div class=\"wpb_text_column wpb_content_element \">\n<div class=\"wpb_wrapper\">\n<p>Najeto vozilo se dostavi, prevzame ali vrne v delovnem \u010dasu poslovalnice vsak dan od ponedeljka do petka, od 8.00 do 18.00, ter v soboto in nedeljo, od 8.00 do 13.00 ali izven delovnega \u010dasa proti pla\u010dilu skladno po veljavnem ceniku. Vozilo najemnik prejme z vso pripadajo\u010do obvezno opremo ter dokumenti vozila. Za vso opremo in dokumente je odgovoren najemnik. V primeru izgube, kraje ali uni\u010denja je najemnik dol\u017ean povrniti stro\u0161ke izdelave novih dokumentov.<\/p>\n<p>Voznik je dol\u017ean vrniti vozilo z vso pripadajo\u010do opremo, z vsemi pnevmatikami, orodjem in opremo, ki je navedena v prevzemnem zapisniku.<\/p>\n<p>Minimalni \u010das najema je 1 dan oz. 24 ur. Dodatna ura, 59 min., je brez dopla\u010dila. V primeru zamude 60 min. in ve\u010d se obra\u010duna dodatni dan.<\/p>\n<p>V primeru, da najemnik vozila v dogovorjenem roku ne vrne in najema ne podalj\u0161a oz. podjetju Adria car ne sporo\u010di morebitne zadr\u017eke za vra\u010dilo, je Adria car upravi\u010den najemniku odvzeti vozilo. Najemnik se v takem primeru tudi odpoveduje pravici uveljavljanja posestne pravice in ostalim zahtevam z naslova od\u0161kodnine ter posestnega varstva.<\/p>\n<p>Najemnik je dol\u017ean ob vra\u010dilu vozila opozoriti na vse morebitne po\u0161kodbe in napake, ki so nastale med najemom. V primeru, da Adria car ugotovi, da so bili dolo\u010deni sestavni deli najetega avtomobila zamenjani, po\u0161kodovani oz. odtujeni, ima Adria car pravico do povra\u010dila celotne \u0161kode do vzpostavitve prvotnega stanja. Najemnika bremenijo tudi vsi stro\u0161ki, ki so posledica izgube prihodkov za \u010das popravila z naslova opravljanja osnovne dejavnosti.<\/p>\n<\/div>\n<\/div>\n<h4 class=\"vc_custom_heading\">4. PLA\u010cILA IN STRO\u0160KI<\/h4>\n<div class=\"wpb_text_column wpb_content_element \">\n<div class=\"wpb_wrapper\">\n<p>Najemnik se obvezuje, da bo ceno najema poravnal ob sklenitvi najemne pogodbe. Cena je odvisna od trajanja najema, vrste vozila in drugih okoli\u0161\u010din.<\/p>\n<p>Pla\u010dilo je mo\u017eno s kreditno kartico oz. direktno na ra\u010dun podjetja Adria car. V primeru gotovinskega pla\u010dila oz. pla\u010dila na ra\u010dun Adria car se za zavarovanje osebne odgovornosti naredi predavtorizacija na kreditni kartici.<\/p>\n<p>Za zavarovanje svojih obveznosti najemnik izrecno dovoljuje rezervacijo sredstev na svoji pla\u010dilni oz. kreditni kartici v korist najemodajalca ter se nadalje brezpogojno strinja, da po kon\u010danem najemu najemodajalec po potrebi obra\u010dunani znesek delno ali v celoti popla\u010da iz rezerviranih sredstev.<\/p>\n<p>Najemnik se obve\u017ee najemodajalcu, da ne bo utrpel nobene \u0161kode z naslova teh pogojev najema in se zavezuje, da bo najemodajalcu povrnil vso dejansko \u0161kodo, od\u0161kodnino po oceni najemodajalca in stro\u0161ke, kot so izgube, izdatki, davki, pristojbine, ter druge stro\u0161ke, zlasti stro\u0161ke za sodno in izvensodno uveljavljanje pravic brez to\u017ebe, stro\u0161ke odvetnika, zavarovanja,\u00a0morebitnega odvzema posameznega ali vseh vozil, kot tudi \u0161kodo, ki je bila povzro\u010dena kot neposredna ali posredna posledica zamude. Tako najemodajalec po pogodbi ni dol\u017ean pla\u010dati nikakr\u0161nih stro\u0161kov.<\/p>\n<p>Adria car sme zahtevati od najemnika tudi vso \u0161kodo, od\u0161kodnino in morebitni izgubljen dobi\u010dek, \u010de najemnik ni ukrenil ni\u010desar ali ni dovolj u\u010dinkovito ukrepal, da bi odpravil pravno, tehni\u010dno ali gospodarsko neuporabnost vozila, ali za zmanj\u0161ano mo\u017enost uporabe vozila.<\/p>\n<\/div>\n<\/div>\n<h4 class=\"vc_custom_heading\">5. PODALJ\u0160ANJE NAJEMA<\/h4>\n<div class=\"wpb_text_column wpb_content_element \">\n<div class=\"wpb_wrapper\">\n<p>V \u010dasu trajanja najemne pogodbe se lahko najemnik in najemodajalec dogovorita o podalj\u0161anju pogodbe. Podalj\u0161anje najemne pogodbe je mo\u017eno najkasneje 24 ur pred potekom najemne pogodbe.Podalj\u0161anje se uredi v kateri koli poslovalnici najemodajalca.<\/p>\n<h4>GORIVO<\/h4>\n<p>Gorivo ni v\u0161teto v ceno najema. Vozilo je prevzeto s polnim rezervoarjem in se tudi vrne s polnim rezervoarjem. V primeru vra\u010dila z manjkajo\u010dim gorivom se obra\u010duna polnjenje in cena goriva skladno z veljavnim cenikom.<\/p>\n<h4>VZDR\u017dEVANJE<\/h4>\n<p>Vsak najemnik se zave\u017ee skrbeti za najeto vozilo kot dober gospodar: redno preverja osnovne elemente vozila, nivo olja v motorju, hladilne teko\u010dine, stanje akumulatorja in tlak v pnevmatikah. Za vsa popravila in vzdr\u017eevanja, ki bi nastala med \u010dasom trajanja najema, je dol\u017ean najemnik obvestiti Adria car in skladno z navodili in usmeritvami opraviti morebitni servis oz. popravilo. V primeru, da ni podano soglasje za opravljanje servisa ali popravila, se morebitni stro\u0161ki ne priznajo. Najemnik se stro\u0161ke, ki bi nastali zaradi nespo\u0161tovanja tega \u010dlena, zavezuje poravnati.<\/p>\n<h4>OKVARE<\/h4>\n<p>Popravila in vzdr\u017eevanje vozil so dovoljeni le na poobla\u0161\u010denih servisih za dolo\u010den tip vozila. V primeru okvare vozila je najemnik dol\u017ean nemudoma obvestiti najbli\u017ejo poslovalnico in upo\u0161tevati nadaljnja navodila. V primeru, da najemnik ne sporo\u010di morebitnih okvar, se mu ne prizna noben stro\u0161ek popravila.<\/p>\n<h4>DOKUMENTI<\/h4>\n<p>Vsa najeta vozila so prevzeta z vsemi potrebnimi dokumenti za vo\u017enjo. Izro\u010di se prometno dovoljenje in kopija zavarovalne police ter homologacija. Originalna polica zavarovanja je na vpogled v poslovalnici.<\/p>\n<h4>ZAVAROVANJE<\/h4>\n<p>Vsa vozila, ki se dajo v najem, imajo urejena naslednja zavarovanja:<\/p>\n<ul>\n<li>\n<ul>\n<li>zavarovanje avtomobilske odgovornosti,<\/li>\n<li>kasko zavarovanje in zavarovanje proti kraji.<\/li>\n<\/ul>\n<\/li>\n<\/ul>\n<p>Ne glede na sklenjena zavarovanja je dol\u017ean najemnik povrniti stro\u0161ke za \u0161kodo, ki bi nastala na vozilu v \u010dasu trajanja najema in v naslednjih primerih:<\/p>\n<ul>\n<li>po\u0161kodbe notranjosti vozila, brisalcev, anten in drugih pritiklin,<\/li>\n<li>po\u0161kodbe podvozja, menjalnika in sklopke, pnevmatik ter okrasnih pokrovov,<\/li>\n<li>v kolikor voznik v trenutku nastale nezgode ni imel veljavnega vozni\u0161kega dovoljenja,<\/li>\n<li>povzro\u010ditev po\u0161kodb motorja v primeru malomarnosti in nevestnega ravnanja,<\/li>\n<li>povzro\u010ditev \u0161kode pod vplivom alkohola, mamil in drugih psihoaktivnih snovi,<\/li>\n<li>povzro\u010ditev \u0161kode s strani voznika, ki ni poobla\u0161\u010den za upravljanje, nastanek \u0161kode zaradi nestrokovnega upravljanja ali po\u0161kodbe vozila, ki bi nastale z nalo\u017eenim tovorom,<\/li>\n<li>po\u0161kodbe, ki niso prijavljene policiji,<\/li>\n<li>v vseh drugih primerih, ko je iz zavarovanja izklju\u010den.<\/li>\n<\/ul>\n<p>Najemnik v primeru \u0161kode odgovarja z vsem svojim premo\u017eenjem. Najemnik je tudi dol\u017ean pokriti vse stro\u0161ke in obveznosti, ki bi nastali v primeru povzro\u010dene \u0161kode, ki bi presegla zavarovalni\u0161ki maksimum po posamezni polici.<\/p>\n<p>Za potovanje v tujino se ra\u010duna dodatek 40 EUR ddv vklju\u010den na najem in se pla\u010da ob sklenitvi pogodbe.<\/p>\n<p>Osebna odgovornost najemnika oz. fran\u0161ize (Excess) v primeru \u0161kodnega dogodka ali kraje od 800 do 2000 eur, ki je\u00a0 odvisna od skupine vozila:<\/p>\n<table border=\"1\" width=\"100%\" cellspacing=\"0\" cellpadding=\"10\">\n<tbody>\n<tr>\n<td>VOZILO<\/td>\n<td>Odbitna Fran\u0161iza Excess (DEDUCTIBLE)<\/td>\n<td>Zni\u017eana odbitna fran\u0161iza (REDUCED DEDUCTIBLE)<\/td>\n<\/tr>\n<tr>\n<td>SKUPINA A1 PEUGEOT 108 ali podobno<\/td>\n<td>800\u20ac<\/td>\n<td>300\u20ac<\/td>\n<\/tr>\n<tr>\n<td>SKUPINA B FORD FIESTA ali podobno<\/td>\n<td>800\u20ac<\/td>\n<td>300\u20ac<\/td>\n<\/tr>\n<tr>\n<td>SKUPINA B1 VW POLO aut. ali podobno<\/td>\n<td>1000\u20ac<\/td>\n<td>450\u20ac<\/td>\n<\/tr>\n<tr>\n<td>SKUPINA B2 RENAULT CLIO SW ali podobno<\/td>\n<td>1000\u20ac<\/td>\n<td>450\u20ac<\/td>\n<\/tr>\n<tr>\n<td>SKUPINA C PEUGEOT 308 ali podobno<\/td>\n<td>1200\u20ac<\/td>\n<td>600\u20ac<\/td>\n<\/tr>\n<tr>\n<td>GROUP K PEUGEOT PARTNER or similar<\/td>\n<td>1300\u20ac<\/td>\n<td>600\u20ac<\/td>\n<\/tr>\n<tr>\n<td>GROUP E VW PASSAT or similar<\/td>\n<td>2000\u20ac<\/td>\n<td>900\u20ac<\/td>\n<\/tr>\n<tr>\n<td>SKUPINA H PEUGEOT 5008 ali podobno<\/td>\n<td>1500\u20ac<\/td>\n<td>700\u20ac<\/td>\n<\/tr>\n<tr>\n<td>GROUP\u00a0 F PEUGEOT 508SW avt.\u00a0 Or similar<\/td>\n<td>2000\u20ac<\/td>\n<td>900\u20ac<\/td>\n<\/tr>\n<tr>\n<td>SKUPINA I PEUGEOT 5008 aut. ali podobno<\/td>\n<td>1500\u20ac<\/td>\n<td>700\u20ac<\/td>\n<\/tr>\n<\/tbody>\n<\/table>\n<p>Najemnik lahko tudi izbere RCDW (zni\u017eana odbitna fran\u0161iza) ali SCDW (brez odbitne fran\u0161ize), kjer se osebna odgovornost delno ali v celoti zmanj\u0161a.<\/p>\n<table border=\"1\" width=\"100%\" cellspacing=\"0\" cellpadding=\"15\">\n<tbody>\n<tr>\n<td>VOZILO<\/td>\n<td>RCDW\/dan<\/td>\n<td>SCDW\/dan<\/td>\n<\/tr>\n<tr>\n<td>SKUPINA A1 PEUGEOT 108 ali podobno<\/td>\n<td>5\u20ac<\/td>\n<td>10\u20ac<\/td>\n<\/tr>\n<tr>\n<td>SKUPINA B FORD FIESTA ali podobno<\/td>\n<td>5\u20ac<\/td>\n<td>10\u20ac<\/td>\n<\/tr>\n<tr>\n<td>SKUPINA B1 VW POLO aut. ali podobno<\/td>\n<td>6\u20ac<\/td>\n<td>12\u20ac<\/td>\n<\/tr>\n<tr>\n<td>SKUPINA B2 RENAULT CLIO SW ali podobno<\/td>\n<td>6\u20ac<\/td>\n<td>12\u20ac<\/td>\n<\/tr>\n<tr>\n<td>SKUPINA C PEUGEOT 308 ali podobno<\/td>\n<td>8\u20ac<\/td>\n<td>15\u20ac<\/td>\n<\/tr>\n<tr>\n<td>SKUPINA K PEUGEOT PARTNER ali podobno<\/td>\n<td>8\u20ac<\/td>\n<td>15\u20ac<\/td>\n<\/tr>\n<tr>\n<td>SKUPINA E VW PASSAT ali podobno<\/td>\n<td>15\u20ac<\/td>\n<td>25\u20ac<\/td>\n<\/tr>\n<tr>\n<td>SKUPINA H PEUGEOT 5008 ali podobno<\/td>\n<td>12\u20ac<\/td>\n<td>20\u20ac<\/td>\n<\/tr>\n<tr>\n<td>SKUPINA F PEUGEOT 508SW aut. ali podobno<\/td>\n<td>15\u20ac<\/td>\n<td>25\u20ac<\/td>\n<\/tr>\n<tr>\n<td>SKUPINA I PEUGEOT 5008 aut. ali podobno<\/td>\n<td>12\u20ac<\/td>\n<td>20\u20ac<\/td>\n<\/tr>\n<\/tbody>\n<\/table>\n<p>Vse cene so v EUR. Cene vsebujejo 22% DDV.<\/p>\n<h4>\u00a0NESRE\u010cE<\/h4>\n<p>V primeru nesre\u010de ste dol\u017eni nemudoma obvestiti policijo in priskrbeti policijski zapisnik. V vseh primerih je najemnik dol\u017ean \u0161\u010dititi interese podjetja Adria car in zavarovalnice, pri kateri je vozilo zavarovano.<\/p>\n<p>\u010ce najemnik ne priskrbi policijskega zapisnika, je sam dol\u017ean kriti vse stro\u0161ke in \u0161kodo, ki bi zaradi tega nastala do najemodajalca.<\/p>\n<h4>IZGUBA LASTNINE<\/h4>\n<p>Najemodajalec ne odgovarja za najemnikovo lastnino in lastnino druge osebe, ki jo je ta pustila v najetem vozilu ali na njem ter v poslovnih prostorih najemodajalca. Najemnik se izrecno odreka vsaki zahtevi, ki bi izhajala iz omenjenih izgub in z njimi povezanimi \u0161kodami.<\/p>\n<h4>KR\u0160ITVE IN POSREDOVANJE PODATKOV<\/h4>\n<p>Vse kr\u0161itve cestnoprometnih predpisov in druge posledice, ki bi nastale, nosi najemnik oz. voznik v \u010dasu najema. V primeru zahteve policije oz. drugega prekr\u0161kovnega organa smo zakonsko dol\u017eni posredovati podatke o kr\u0161itelju<\/p>\n<h4>KON\u010cNE DOLO\u010cBE<\/h4>\n<p>Dolo\u010dbe splo\u0161nih pogojev med \u010dasom trajanja najemne pogodbe ni mo\u010d spreminjati. Zaposleni najemodajalca Adria car imajo pravico v vsakem trenutku do nadzora nad vozilom. V primeru, da najemodajalec izve, da se kakor koli najeto vozilo ne uporablja skladno z dolo\u010dili, ima pravico vozilo odvzeti in nemudoma vzpostaviti posest.<\/p>\n<p>S podpisom teh splo\u0161nih pogojev\u00a0 stranka izrecno izjavlja, da se z njimi strinja. V primeru sporov je pristojno sodi\u0161\u010de v Kranju.<\/p>\n<\/div>\n<\/div>\n<\/div><\/div><\/div><\/div><\/div>\n","protected":false},"excerpt":{"rendered":"","protected":false},"author":1,"featured_media":11311,"parent":0,"menu_order":0,"comment_status":"closed","ping_status":"closed","template":"100-width.php","meta":{"_acf_changed":false,"footnotes":""},"class_list":["post-10802","page","type-page","status-publish","has-post-thumbnail","hentry"],"acf":[],"yoast_head":"<!-- This site is optimized with the Yoast SEO plugin v27.3 - https:\/\/yoast.com\/product\/yoast-seo-wordpress\/ -->\n<title>Pogoji najema vozil pri ADRIACAR<\/title>\n<meta name=\"description\" content=\"Splo\u0161ni pogoji najema so sestavni del pogodbe o najemu vozila, ki jo skleneta podjetje Adriacar d.o.o. in najemnik.\" \/>\n<meta name=\"robots\" content=\"index, follow, max-snippet:-1, max-image-preview:large, max-video-preview:-1\" \/>\n<link rel=\"canonical\" href=\"https:\/\/www.adria-car.com\/sl\/pogoji-najema\/\" \/>\n<meta property=\"og:locale\" content=\"sl_SI\" \/>\n<meta property=\"og:type\" content=\"article\" \/>\n<meta property=\"og:title\" content=\"Pogoji najema vozil pri ADRIACAR\" \/>\n<meta property=\"og:description\" content=\"Splo\u0161ni pogoji najema so sestavni del pogodbe o najemu vozila, ki jo skleneta podjetje Adriacar d.o.o. in najemnik.\" \/>\n<meta property=\"og:url\" content=\"https:\/\/www.adria-car.com\/sl\/pogoji-najema\/\" \/>\n<meta property=\"og:site_name\" content=\"ADRIACAR\" \/>\n<meta property=\"article:publisher\" content=\"https:\/\/www.facebook.com\/Adriacar.rentacar\" \/>\n<meta property=\"article:modified_time\" content=\"2023-02-10T08:28:23+00:00\" \/>\n<meta property=\"og:image\" content=\"https:\/\/www.adria-car.com\/wp-content\/uploads\/2023\/02\/adria-car-vstopna-avto.jpg\" \/>\n\t<meta property=\"og:image:width\" content=\"1920\" \/>\n\t<meta property=\"og:image:height\" content=\"600\" \/>\n\t<meta property=\"og:image:type\" content=\"image\/jpeg\" \/>\n<meta name=\"twitter:card\" content=\"summary_large_image\" \/>\n<meta name=\"twitter:label1\" content=\"Est. reading time\" \/>\n\t<meta name=\"twitter:data1\" content=\"9 minut\" \/>\n<script type=\"application\/ld+json\" class=\"yoast-schema-graph\">{\"@context\":\"https:\\\/\\\/schema.org\",\"@graph\":[{\"@type\":\"WebPage\",\"@id\":\"https:\\\/\\\/www.adria-car.com\\\/sl\\\/pogoji-najema\\\/\",\"url\":\"https:\\\/\\\/www.adria-car.com\\\/sl\\\/pogoji-najema\\\/\",\"name\":\"Pogoji najema vozil pri ADRIACAR\",\"isPartOf\":{\"@id\":\"https:\\\/\\\/www.adria-car.com\\\/sl\\\/#website\"},\"primaryImageOfPage\":{\"@id\":\"https:\\\/\\\/www.adria-car.com\\\/sl\\\/pogoji-najema\\\/#primaryimage\"},\"image\":{\"@id\":\"https:\\\/\\\/www.adria-car.com\\\/sl\\\/pogoji-najema\\\/#primaryimage\"},\"thumbnailUrl\":\"https:\\\/\\\/www.adria-car.com\\\/wp-content\\\/uploads\\\/2023\\\/02\\\/adria-car-vstopna-avto.jpg\",\"datePublished\":\"2022-02-16T17:28:34+00:00\",\"dateModified\":\"2023-02-10T08:28:23+00:00\",\"description\":\"Splo\u0161ni pogoji najema so sestavni del pogodbe o najemu vozila, ki jo skleneta podjetje Adriacar d.o.o. in najemnik.\",\"breadcrumb\":{\"@id\":\"https:\\\/\\\/www.adria-car.com\\\/sl\\\/pogoji-najema\\\/#breadcrumb\"},\"inLanguage\":\"sl-SI\",\"potentialAction\":[{\"@type\":\"ReadAction\",\"target\":[\"https:\\\/\\\/www.adria-car.com\\\/sl\\\/pogoji-najema\\\/\"]}]},{\"@type\":\"ImageObject\",\"inLanguage\":\"sl-SI\",\"@id\":\"https:\\\/\\\/www.adria-car.com\\\/sl\\\/pogoji-najema\\\/#primaryimage\",\"url\":\"https:\\\/\\\/www.adria-car.com\\\/wp-content\\\/uploads\\\/2023\\\/02\\\/adria-car-vstopna-avto.jpg\",\"contentUrl\":\"https:\\\/\\\/www.adria-car.com\\\/wp-content\\\/uploads\\\/2023\\\/02\\\/adria-car-vstopna-avto.jpg\",\"width\":1920,\"height\":600},{\"@type\":\"BreadcrumbList\",\"@id\":\"https:\\\/\\\/www.adria-car.com\\\/sl\\\/pogoji-najema\\\/#breadcrumb\",\"itemListElement\":[{\"@type\":\"ListItem\",\"position\":1,\"name\":\"Home\",\"item\":\"https:\\\/\\\/www.adria-car.com\\\/sl\\\/\"},{\"@type\":\"ListItem\",\"position\":2,\"name\":\"Pogoji najema\"}]},{\"@type\":\"WebSite\",\"@id\":\"https:\\\/\\\/www.adria-car.com\\\/sl\\\/#website\",\"url\":\"https:\\\/\\\/www.adria-car.com\\\/sl\\\/\",\"name\":\"Adria Car\",\"description\":\"Car rental\",\"publisher\":{\"@id\":\"https:\\\/\\\/www.adria-car.com\\\/sl\\\/#organization\"},\"alternateName\":\"Adria rent a car\",\"potentialAction\":[{\"@type\":\"SearchAction\",\"target\":{\"@type\":\"EntryPoint\",\"urlTemplate\":\"https:\\\/\\\/www.adria-car.com\\\/sl\\\/?s={search_term_string}\"},\"query-input\":{\"@type\":\"PropertyValueSpecification\",\"valueRequired\":true,\"valueName\":\"search_term_string\"}}],\"inLanguage\":\"sl-SI\"},{\"@type\":\"Organization\",\"@id\":\"https:\\\/\\\/www.adria-car.com\\\/sl\\\/#organization\",\"name\":\"Adria Car\",\"url\":\"https:\\\/\\\/www.adria-car.com\\\/sl\\\/\",\"logo\":{\"@type\":\"ImageObject\",\"inLanguage\":\"sl-SI\",\"@id\":\"https:\\\/\\\/www.adria-car.com\\\/sl\\\/#\\\/schema\\\/logo\\\/image\\\/\",\"url\":\"https:\\\/\\\/www.adria-car.com\\\/wp-content\\\/uploads\\\/2023\\\/02\\\/300382635_541919381064177_87166554423608554_n.jpg\",\"contentUrl\":\"https:\\\/\\\/www.adria-car.com\\\/wp-content\\\/uploads\\\/2023\\\/02\\\/300382635_541919381064177_87166554423608554_n.jpg\",\"width\":1743,\"height\":725,\"caption\":\"Adria Car\"},\"image\":{\"@id\":\"https:\\\/\\\/www.adria-car.com\\\/sl\\\/#\\\/schema\\\/logo\\\/image\\\/\"},\"sameAs\":[\"https:\\\/\\\/www.facebook.com\\\/Adriacar.rentacar\"]}]}<\/script>\n<!-- \/ Yoast SEO plugin. -->","yoast_head_json":{"title":"Pogoji najema vozil pri ADRIACAR","description":"Splo\u0161ni pogoji najema so sestavni del pogodbe o najemu vozila, ki jo skleneta podjetje Adriacar d.o.o. in najemnik.","robots":{"index":"index","follow":"follow","max-snippet":"max-snippet:-1","max-image-preview":"max-image-preview:large","max-video-preview":"max-video-preview:-1"},"canonical":"https:\/\/www.adria-car.com\/sl\/pogoji-najema\/","og_locale":"sl_SI","og_type":"article","og_title":"Pogoji najema vozil pri ADRIACAR","og_description":"Splo\u0161ni pogoji najema so sestavni del pogodbe o najemu vozila, ki jo skleneta podjetje Adriacar d.o.o. in najemnik.","og_url":"https:\/\/www.adria-car.com\/sl\/pogoji-najema\/","og_site_name":"ADRIACAR","article_publisher":"https:\/\/www.facebook.com\/Adriacar.rentacar","article_modified_time":"2023-02-10T08:28:23+00:00","og_image":[{"width":1920,"height":600,"url":"https:\/\/www.adria-car.com\/wp-content\/uploads\/2023\/02\/adria-car-vstopna-avto.jpg","type":"image\/jpeg"}],"twitter_card":"summary_large_image","twitter_misc":{"Est. reading time":"9 minut"},"schema":{"@context":"https:\/\/schema.org","@graph":[{"@type":"WebPage","@id":"https:\/\/www.adria-car.com\/sl\/pogoji-najema\/","url":"https:\/\/www.adria-car.com\/sl\/pogoji-najema\/","name":"Pogoji najema vozil pri ADRIACAR","isPartOf":{"@id":"https:\/\/www.adria-car.com\/sl\/#website"},"primaryImageOfPage":{"@id":"https:\/\/www.adria-car.com\/sl\/pogoji-najema\/#primaryimage"},"image":{"@id":"https:\/\/www.adria-car.com\/sl\/pogoji-najema\/#primaryimage"},"thumbnailUrl":"https:\/\/www.adria-car.com\/wp-content\/uploads\/2023\/02\/adria-car-vstopna-avto.jpg","datePublished":"2022-02-16T17:28:34+00:00","dateModified":"2023-02-10T08:28:23+00:00","description":"Splo\u0161ni pogoji najema so sestavni del pogodbe o najemu vozila, ki jo skleneta podjetje Adriacar d.o.o. in najemnik.","breadcrumb":{"@id":"https:\/\/www.adria-car.com\/sl\/pogoji-najema\/#breadcrumb"},"inLanguage":"sl-SI","potentialAction":[{"@type":"ReadAction","target":["https:\/\/www.adria-car.com\/sl\/pogoji-najema\/"]}]},{"@type":"ImageObject","inLanguage":"sl-SI","@id":"https:\/\/www.adria-car.com\/sl\/pogoji-najema\/#primaryimage","url":"https:\/\/www.adria-car.com\/wp-content\/uploads\/2023\/02\/adria-car-vstopna-avto.jpg","contentUrl":"https:\/\/www.adria-car.com\/wp-content\/uploads\/2023\/02\/adria-car-vstopna-avto.jpg","width":1920,"height":600},{"@type":"BreadcrumbList","@id":"https:\/\/www.adria-car.com\/sl\/pogoji-najema\/#breadcrumb","itemListElement":[{"@type":"ListItem","position":1,"name":"Home","item":"https:\/\/www.adria-car.com\/sl\/"},{"@type":"ListItem","position":2,"name":"Pogoji najema"}]},{"@type":"WebSite","@id":"https:\/\/www.adria-car.com\/sl\/#website","url":"https:\/\/www.adria-car.com\/sl\/","name":"Adria Car","description":"Car rental","publisher":{"@id":"https:\/\/www.adria-car.com\/sl\/#organization"},"alternateName":"Adria rent a car","potentialAction":[{"@type":"SearchAction","target":{"@type":"EntryPoint","urlTemplate":"https:\/\/www.adria-car.com\/sl\/?s={search_term_string}"},"query-input":{"@type":"PropertyValueSpecification","valueRequired":true,"valueName":"search_term_string"}}],"inLanguage":"sl-SI"},{"@type":"Organization","@id":"https:\/\/www.adria-car.com\/sl\/#organization","name":"Adria Car","url":"https:\/\/www.adria-car.com\/sl\/","logo":{"@type":"ImageObject","inLanguage":"sl-SI","@id":"https:\/\/www.adria-car.com\/sl\/#\/schema\/logo\/image\/","url":"https:\/\/www.adria-car.com\/wp-content\/uploads\/2023\/02\/300382635_541919381064177_87166554423608554_n.jpg","contentUrl":"https:\/\/www.adria-car.com\/wp-content\/uploads\/2023\/02\/300382635_541919381064177_87166554423608554_n.jpg","width":1743,"height":725,"caption":"Adria Car"},"image":{"@id":"https:\/\/www.adria-car.com\/sl\/#\/schema\/logo\/image\/"},"sameAs":["https:\/\/www.facebook.com\/Adriacar.rentacar"]}]}},"_links":{"self":[{"href":"https:\/\/www.adria-car.com\/sl\/wp-json\/wp\/v2\/pages\/10802","targetHints":{"allow":["GET"]}}],"collection":[{"href":"https:\/\/www.adria-car.com\/sl\/wp-json\/wp\/v2\/pages"}],"about":[{"href":"https:\/\/www.adria-car.com\/sl\/wp-json\/wp\/v2\/types\/page"}],"author":[{"embeddable":true,"href":"https:\/\/www.adria-car.com\/sl\/wp-json\/wp\/v2\/users\/1"}],"replies":[{"embeddable":true,"href":"https:\/\/www.adria-car.com\/sl\/wp-json\/wp\/v2\/comments?post=10802"}],"version-history":[{"count":4,"href":"https:\/\/www.adria-car.com\/sl\/wp-json\/wp\/v2\/pages\/10802\/revisions"}],"predecessor-version":[{"id":11305,"href":"https:\/\/www.adria-car.com\/sl\/wp-json\/wp\/v2\/pages\/10802\/revisions\/11305"}],"wp:featuredmedia":[{"embeddable":true,"href":"https:\/\/www.adria-car.com\/sl\/wp-json\/wp\/v2\/media\/11311"}],"wp:attachment":[{"href":"https:\/\/www.adria-car.com\/sl\/wp-json\/wp\/v2\/media?parent=10802"}],"curies":[{"name":"wp","href":"https:\/\/api.w.org\/{rel}","templated":true}]}}